{"id":1275,"date":"2023-08-31T12:21:14","date_gmt":"2023-08-31T10:21:14","guid":{"rendered":"https:\/\/www.africa-company.net\/index.php\/produit\/disjoncteur-a-courant-residuel-nb310l3pn-avec-protection-contre-les-surintensites-magnetique\/"},"modified":"2023-08-31T12:21:14","modified_gmt":"2023-08-31T10:21:14","slug":"disjoncteur-a-courant-residuel-nb310l3pn-avec-protection-contre-les-surintensites-magnetique","status":"publish","type":"product","link":"https:\/\/www.africa-company.net\/index.php\/produit\/disjoncteur-a-courant-residuel-nb310l3pn-avec-protection-contre-les-surintensites-magnetique\/","title":{"rendered":"Disjoncteur \u00e0 courant r\u00e9siduel NB310L(3PN) avec protection contre les surintensit\u00e9s (magn\u00e9tique)"},"content":{"rendered":"<p>1.1 Fonction<\/p>\n<p>Protection des personnes et des incendies&nbsp;: Protection des c&acirc;bles et des lignes contre les surcharges et les courts-circuits.<\/p>\n<p>1.2 S&eacute;lection<\/p>\n<p>Courant de fonctionnement r&eacute;siduel nominal<\/p>\n<p>I\u2206n \uff1d30 mA : protection suppl&eacute;mentaire en cas de contact direct.<\/p>\n<p>&nbsp; &nbsp; &nbsp;Cours de voyage<\/p>\n<p>Classe A et AC<\/p>\n<p>Un d&eacute;clenchement de classe est assur&eacute; pour les r&eacute;sidus sinuso&iuml;daux altern&eacute;s.&nbsp;<\/p>\n<p>ainsi que pour les courants r&eacute;siduels continus puls&eacute;s, qu&#039;ils augmentent rapidement ou lentement.<\/p>\n<p>Le d&eacute;clenchement de la classe AC est assur&eacute; pour les courants r&eacute;siduels alternatifs sinuso&iuml;daux, qu&#039;ils augmentent rapidement ou lentement.<\/p>\n<p>&nbsp; &nbsp; &nbsp;Courbe de d&eacute;clenchement<\/p>\n<p>Courbe B (3 In-5 In) protection et contr&ocirc;le des circuits contre les surcharges et les courts-circuits&nbsp;;&nbsp;protection des personnes et des c&acirc;bles de grande longueur dans les syst&egrave;mes TN et IT.<\/p>\n<p>Courbe C (5 In-10 In) protection et contr&ocirc;le des circuits contre les surcharges et les courts-circuits&nbsp;;&nbsp;protection pour charges r&eacute;sistives et inductives &agrave; faible courant d&#039;appel.<\/p>\n<p>1.3.&nbsp;Appareils compl&eacute;mentaires<\/p>\n<p>&nbsp; &nbsp; Contacts auxiliaires XF9<\/p>\n<p>&nbsp; &nbsp; D&eacute;clencheur shunt S9<\/p>\n<p>&nbsp; &nbsp; D&eacute;clencheur sous tension V9<\/p>\n<p>&nbsp; &nbsp; D&eacute;clencheur de surtension OVT-1<\/p>\n","protected":false},"excerpt":{"rendered":"<p>1.1 Fonction Protection des personnes et des incendies&nbsp;: Protection des c&acirc;bles et des lignes contre les surcharges et les courts-circuits. 1.2 S&eacute;lection Courant de fonctionnement r&eacute;siduel nominal I\u2206n \uff1d30 mA : protection suppl&eacute;mentaire en cas de contact direct. &nbsp; &nbsp; &nbsp;Cours de voyage Classe A et AC Un d&eacute;clenchement de classe est assur&eacute; pour les<\/p>\n<div class=\"read-more\"><a class=\"btn btn-fill-out\" href=\"https:\/\/www.africa-company.net\/index.php\/produit\/disjoncteur-a-courant-residuel-nb310l3pn-avec-protection-contre-les-surintensites-magnetique\/\">En savoir plus<\/a><\/div>\n","protected":false},"featured_media":1276,"template":"","meta":{"_eb_attr":""},"product_cat":[113,111,112,116],"product_tag":[],"class_list":["post-1275","product","type-product","status-publish","has-post-thumbnail","hentry","product_cat-disjoncteurs-modulaires","product_cat-distribution-protection-basse-tension","product_cat-distribution-basse-tension","product_cat-rcbo-disjoncteurs-compacts-differents"],"_links":{"self":[{"href":"https:\/\/www.africa-company.net\/index.php\/wp-json\/wp\/v2\/product\/1275","targetHints":{"allow":["GET"]}}],"collection":[{"href":"https:\/\/www.africa-company.net\/index.php\/wp-json\/wp\/v2\/product"}],"about":[{"href":"https:\/\/www.africa-company.net\/index.php\/wp-json\/wp\/v2\/types\/product"}],"wp:featuredmedia":[{"embeddable":true,"href":"https:\/\/www.africa-company.net\/index.php\/wp-json\/wp\/v2\/media\/1276"}],"wp:attachment":[{"href":"https:\/\/www.africa-company.net\/index.php\/wp-json\/wp\/v2\/media?parent=1275"}],"wp:term":[{"taxonomy":"product_cat","embeddable":true,"href":"https:\/\/www.africa-company.net\/index.php\/wp-json\/wp\/v2\/product_cat?post=1275"},{"taxonomy":"product_tag","embeddable":true,"href":"https:\/\/www.africa-company.net\/index.php\/wp-json\/wp\/v2\/product_tag?post=1275"}],"curies":[{"name":"wp","href":"https:\/\/api.w.org\/{rel}","templated":true}]}}