{"id":1280,"date":"2023-08-31T12:40:55","date_gmt":"2023-08-31T10:40:55","guid":{"rendered":"https:\/\/www.africa-company.net\/index.php\/produit\/disjoncteur-a-boitier-moule-dz158\/"},"modified":"2023-08-31T12:40:55","modified_gmt":"2023-08-31T10:40:55","slug":"disjoncteur-a-boitier-moule-dz158","status":"publish","type":"product","link":"https:\/\/www.africa-company.net\/index.php\/produit\/disjoncteur-a-boitier-moule-dz158\/","title":{"rendered":"Disjoncteur \u00e0 bo\u00eetier moul\u00e9 DZ158"},"content":{"rendered":"<p>1.1 Fonction<\/p>\n<p>protection des circuits contre les courants de court-circuit,protection des circuits contre les courants de surcharge,interrupteur,isolement.<\/p>\n<p>1.2 S&eacute;lection<\/p>\n<p>Donn&eacute;es techniques du r&eacute;seau au point consid&eacute;r&eacute; : les syst&egrave;mes de mise &agrave; la terre (TNS, TNC), le courant de court-circuit au point d&#039;installation du disjoncteur, qui doit toujours &ecirc;tre inf&eacute;rieur au pouvoir de coupure de cet appareil, la tension normale du r&eacute;seau.<\/p>\n<p>&nbsp;<\/p>\n","protected":false},"excerpt":{"rendered":"<p>1.1 Fonction protection des circuits contre les courants de court-circuit,protection des circuits contre les courants de surcharge,interrupteur,isolement. 1.2 S&eacute;lection Donn&eacute;es techniques du r&eacute;seau au point consid&eacute;r&eacute; : les syst&egrave;mes de mise &agrave; la terre (TNS, TNC), le courant de court-circuit au point d&#039;installation du disjoncteur, qui doit toujours &ecirc;tre inf&eacute;rieur au pouvoir de coupure de<\/p>\n<div class=\"read-more\"><a class=\"btn btn-fill-out\" href=\"https:\/\/www.africa-company.net\/index.php\/produit\/disjoncteur-a-boitier-moule-dz158\/\">En savoir plus<\/a><\/div>\n","protected":false},"featured_media":1281,"template":"","meta":{"_eb_attr":""},"product_cat":[113,111,112,114],"product_tag":[],"class_list":["post-1280","product","type-product","status-publish","has-post-thumbnail","hentry","product_cat-disjoncteurs-modulaires","product_cat-distribution-protection-basse-tension","product_cat-distribution-basse-tension","product_cat-mcb-disjoncteurs-miniatures"],"_links":{"self":[{"href":"https:\/\/www.africa-company.net\/index.php\/wp-json\/wp\/v2\/product\/1280","targetHints":{"allow":["GET"]}}],"collection":[{"href":"https:\/\/www.africa-company.net\/index.php\/wp-json\/wp\/v2\/product"}],"about":[{"href":"https:\/\/www.africa-company.net\/index.php\/wp-json\/wp\/v2\/types\/product"}],"wp:featuredmedia":[{"embeddable":true,"href":"https:\/\/www.africa-company.net\/index.php\/wp-json\/wp\/v2\/media\/1281"}],"wp:attachment":[{"href":"https:\/\/www.africa-company.net\/index.php\/wp-json\/wp\/v2\/media?parent=1280"}],"wp:term":[{"taxonomy":"product_cat","embeddable":true,"href":"https:\/\/www.africa-company.net\/index.php\/wp-json\/wp\/v2\/product_cat?post=1280"},{"taxonomy":"product_tag","embeddable":true,"href":"https:\/\/www.africa-company.net\/index.php\/wp-json\/wp\/v2\/product_tag?post=1280"}],"curies":[{"name":"wp","href":"https:\/\/api.w.org\/{rel}","templated":true}]}}