{"id":1528,"date":"2023-09-13T11:17:29","date_gmt":"2023-09-13T09:17:29","guid":{"rendered":"https:\/\/www.africa-company.net\/index.php\/produit\/regulateur-de-temperature-thermoregulateur\/"},"modified":"2023-09-13T11:17:29","modified_gmt":"2023-09-13T09:17:29","slug":"regulateur-de-temperature-thermoregulateur","status":"publish","type":"product","link":"https:\/\/www.africa-company.net\/index.php\/produit\/regulateur-de-temperature-thermoregulateur\/","title":{"rendered":"R\u00e9gulateur de temp\u00e9rature (THERMOR\u00c9GULATEUR)"},"content":{"rendered":"<p><em>CONTR&Ocirc;LEUR DE TEMP&Eacute;RATURE DE LA S&Eacute;RIE TEW:<\/em><\/p>\n<p>Op&eacute;ration facile, mod&egrave;le &eacute;conomique.<br \/>\nEntr&eacute;e universelle TC\/RTD.<br \/>\nContr&ocirc;le PID intelligent et fonction de r&eacute;glage automatique<br \/>\nSortie de contr&ocirc;le en option, RELAIS\/SSR\/SCR<br \/>\nTypes de dimension de s&eacute;rie en option.<br \/>\nLa nouvelle version met &agrave; jour l&#039;affichage &agrave; 4 chiffres pour am&eacute;liorer la r&eacute;solution.<br \/>\nAlgorithme PID mature et conception mat&eacute;rielle, haute fiabilit&eacute;.<\/p>\n","protected":false},"excerpt":{"rendered":"<p>CONTR&Ocirc;LEUR DE TEMP&Eacute;RATURE DE LA S&Eacute;RIE TEW: Op&eacute;ration facile, mod&egrave;le &eacute;conomique. Entr&eacute;e universelle TC\/RTD. Contr&ocirc;le PID intelligent et fonction de r&eacute;glage automatique Sortie de contr&ocirc;le en option, RELAIS\/SSR\/SCR Types de dimension de s&eacute;rie en option. La nouvelle version met &agrave; jour l&#039;affichage &agrave; 4 chiffres pour am&eacute;liorer la r&eacute;solution. Algorithme PID mature et conception mat&eacute;rielle,<\/p>\n<div class=\"read-more\"><a class=\"btn btn-fill-out\" href=\"https:\/\/www.africa-company.net\/index.php\/produit\/regulateur-de-temperature-thermoregulateur\/\">En savoir plus<\/a><\/div>\n","protected":false},"featured_media":1529,"template":"","meta":{"_eb_attr":""},"product_cat":[147,148],"product_tag":[],"class_list":["post-1528","product","type-product","status-publish","has-post-thumbnail","hentry","product_cat-automatisme-regulation-industrielle","product_cat-thermoregulateur"],"_links":{"self":[{"href":"https:\/\/www.africa-company.net\/index.php\/wp-json\/wp\/v2\/product\/1528","targetHints":{"allow":["GET"]}}],"collection":[{"href":"https:\/\/www.africa-company.net\/index.php\/wp-json\/wp\/v2\/product"}],"about":[{"href":"https:\/\/www.africa-company.net\/index.php\/wp-json\/wp\/v2\/types\/product"}],"wp:featuredmedia":[{"embeddable":true,"href":"https:\/\/www.africa-company.net\/index.php\/wp-json\/wp\/v2\/media\/1529"}],"wp:attachment":[{"href":"https:\/\/www.africa-company.net\/index.php\/wp-json\/wp\/v2\/media?parent=1528"}],"wp:term":[{"taxonomy":"product_cat","embeddable":true,"href":"https:\/\/www.africa-company.net\/index.php\/wp-json\/wp\/v2\/product_cat?post=1528"},{"taxonomy":"product_tag","embeddable":true,"href":"https:\/\/www.africa-company.net\/index.php\/wp-json\/wp\/v2\/product_tag?post=1528"}],"curies":[{"name":"wp","href":"https:\/\/api.w.org\/{rel}","templated":true}]}}