{"id":1563,"date":"2023-09-14T10:38:01","date_gmt":"2023-09-14T08:38:01","guid":{"rendered":"https:\/\/www.africa-company.net\/index.php\/produit\/pince-amperemetre-numerique-em266\/"},"modified":"2023-09-14T10:38:01","modified_gmt":"2023-09-14T08:38:01","slug":"pince-amperemetre-numerique-em266","status":"publish","type":"product","link":"https:\/\/www.africa-company.net\/index.php\/produit\/pince-amperemetre-numerique-em266\/","title":{"rendered":"Pince amp\u00e8rem\u00e8tre num\u00e9rique EM266"},"content":{"rendered":"<ul>\n<li><strong>Introduction &agrave; la fonction de la pince amp&eacute;rem&eacute;trique EM266<\/strong><\/li>\n<\/ul>\n<p>Affichage LCD &agrave; 3,5 chiffres, lecture maximale 1999<br \/>\n6 fonctions, 8 gammes<br \/>\nFonction de maintien des donn&eacute;es<br \/>\nIndication de basse tension<br \/>\nProtection contre les surcharges<br \/>\nTest de continuit&eacute;<\/p>\n<ul>\n<li>\n<h3><strong>Caract&eacute;ristiques<\/strong><\/h3>\n<\/li>\n<\/ul>\n<p>Tension DC : 1000V<br \/>\nTension AC : 750V<br \/>\nCourant AC : 200-1000A<br \/>\nR&eacute;sistance : 200-20k&Omega;<br \/>\n20M-2000M&Omega;<br \/>\nDimensions : 230x70x37mm<br \/>\nPoids : 310g<\/p>\n","protected":false},"excerpt":{"rendered":"<p>Introduction &agrave; la fonction de la pince amp&eacute;rem&eacute;trique EM266 Affichage LCD &agrave; 3,5 chiffres, lecture maximale 1999 6 fonctions, 8 gammes Fonction de maintien des donn&eacute;es Indication de basse tension Protection contre les surcharges Test de continuit&eacute; Caract&eacute;ristiques Tension DC : 1000V Tension AC : 750V Courant AC : 200-1000A R&eacute;sistance : 200-20k&Omega; 20M-2000M&Omega; Dimensions<\/p>\n<div class=\"read-more\"><a class=\"btn btn-fill-out\" href=\"https:\/\/www.africa-company.net\/index.php\/produit\/pince-amperemetre-numerique-em266\/\">En savoir plus<\/a><\/div>\n","protected":false},"featured_media":1564,"template":"","meta":{"_eb_attr":""},"product_cat":[165,160],"product_tag":[],"class_list":["post-1563","product","type-product","status-publish","has-post-thumbnail","hentry","product_cat-appareillage-de-mesure","product_cat-gestion-d-energie-et-mesure"],"_links":{"self":[{"href":"https:\/\/www.africa-company.net\/index.php\/wp-json\/wp\/v2\/product\/1563","targetHints":{"allow":["GET"]}}],"collection":[{"href":"https:\/\/www.africa-company.net\/index.php\/wp-json\/wp\/v2\/product"}],"about":[{"href":"https:\/\/www.africa-company.net\/index.php\/wp-json\/wp\/v2\/types\/product"}],"wp:featuredmedia":[{"embeddable":true,"href":"https:\/\/www.africa-company.net\/index.php\/wp-json\/wp\/v2\/media\/1564"}],"wp:attachment":[{"href":"https:\/\/www.africa-company.net\/index.php\/wp-json\/wp\/v2\/media?parent=1563"}],"wp:term":[{"taxonomy":"product_cat","embeddable":true,"href":"https:\/\/www.africa-company.net\/index.php\/wp-json\/wp\/v2\/product_cat?post=1563"},{"taxonomy":"product_tag","embeddable":true,"href":"https:\/\/www.africa-company.net\/index.php\/wp-json\/wp\/v2\/product_tag?post=1563"}],"curies":[{"name":"wp","href":"https:\/\/api.w.org\/{rel}","templated":true}]}}