{"id":1585,"date":"2023-09-14T12:37:57","date_gmt":"2023-09-14T10:37:57","guid":{"rendered":"https:\/\/www.africa-company.net\/index.php\/produit\/introduction-a-la-fonction-du-multimetre-numerique-em5510\/"},"modified":"2023-09-14T12:37:57","modified_gmt":"2023-09-14T10:37:57","slug":"introduction-a-la-fonction-du-multimetre-numerique-em5510","status":"publish","type":"product","link":"https:\/\/www.africa-company.net\/index.php\/produit\/introduction-a-la-fonction-du-multimetre-numerique-em5510\/","title":{"rendered":"Introduction \u00e0 la fonction du multim\u00e8tre num\u00e9rique EM5510"},"content":{"rendered":"<p><strong>S&eacute;rie de multim&egrave;tres num&eacute;riques<\/strong>&nbsp;&nbsp;&nbsp;&nbsp;&nbsp;[multim&egrave;tre num&eacute;rique &agrave; plage automatique 5 en 1]<\/p>\n<ul>\n<li>&nbsp;&nbsp;<strong>Application :<\/strong><\/li>\n<\/ul>\n<p>&nbsp;le multim&egrave;tre pr&eacute;sente les avantages d&#039;&ecirc;tre polyvalent, &agrave; large plage et facile &agrave; utiliser, et est l&#039;outil le plus couramment utilis&eacute; dans la mesure &eacute;lectronique.&nbsp;Il peut &ecirc;tre utilis&eacute; pour mesurer la r&eacute;sistance, la tension alternative et continue et la tension continue, les principaux param&egrave;tres des transistors et la capacit&eacute; des condensateurs, etc.<\/p>\n<p>&nbsp;&nbsp;Multim&egrave;tre num&eacute;rique pratique 5 en 1, adapt&eacute; aux applications sur le terrain industriel, ne craignant pas les environnements difficiles et la haute pression, conception solide, couvercle de protection int&eacute;gr&eacute; conforme &agrave; la coque ergonomique et profil&eacute;e.<\/p>\n<p>Con&ccedil;u selon la norme internationale IEC1010-1 CATII<\/p>\n<p>Niveau de s&eacute;curit&eacute; :&nbsp;<strong>CAT II<\/strong><\/p>\n<ul>\n<li>&nbsp;&nbsp;<strong>&nbsp;sp&eacute;cifications:<\/strong>&nbsp;*, test d&#039;humidit&eacute; ; *, test de temp&eacute;rature ; *, test de bruit ; *, &nbsp;&nbsp;test d&#039;&eacute;clairage ;<\/li>\n<\/ul>\n<p>multim&egrave;tre num&eacute;rique &agrave; s&eacute;lection automatique &agrave; 4 1\/2 chiffres.&nbsp;&Eacute;quip&eacute; d&#039;un capteur de temp&eacute;rature, d&#039;un capteur de niveau sonore, d&#039;un capteur de luminosit&eacute; et d&#039;un capteur de temp&eacute;rature.<\/p>\n<p>&middot;Test de continuit&eacute; et test de diode<br \/>\n&middot;Fonction de maintien des donn&eacute;es<br \/>\n&middot;Commutation de fonction : DC\/AC ou ?\/?<br \/>\n&middot;Commutation de gamme : gamme automatique et gamme manuelle, en option<br \/>\n&middot;Commutation fr&eacute;quence\/<br \/>\nrapport cyclique &quot; Le bouton peut remettre le compteur &agrave; z&eacute;ro<br \/>\n. R&eacute;tro&eacute;clairage, facile pour lire en faible luminosit&eacute;.Arr&ecirc;t<br \/>\nautomatique : au bout de 15 minutes environ, le compteur &eacute;met 5 bips courts et un bip long.La<br \/>\ngaine permet au compteur de tenir debout.La<br \/>\nlecture maximale est de 3999<\/p>\n<ul>\n<li>\n<h3><strong>Caract&eacute;ristiques<\/strong><\/h3>\n<\/li>\n<\/ul>\n<p>Tension CC&nbsp;: 0,4\/4\/40\/400\/600&nbsp;V &plusmn;0,7&nbsp;%<br \/>\nTension CA&nbsp;: 4\/40\/400\/600V &plusmn;0,8&nbsp;%<br \/>\nR&eacute;sistance&nbsp;: 400\/4K\/40K\/400K\/4M&Omega;&plusmn;1,2&nbsp;%<br \/>\n40M&Omega;&plusmn;2,0&nbsp;%<br \/>\nCapacit&eacute;&nbsp;: 4n\/ 40n\/400n\/4&mu;\/40&mu;\/200&mu;F &plusmn;3.0%<br \/>\nFr&eacute;quence : 10\/100\/1K\/10K\/100KHz &plusmn;2.0%<br \/>\nCycle de service : 0.1%-99.9% &plusmn;3.0%<br \/>\nTemp&eacute;rature : -20&deg;C-400&deg;C &plusmn;3.0 % (0.1&deg;C)<br \/>\n-20&deg;C-1000&deg;C &plusmn;3.0% (1&deg;C)<br \/>\nHumidit&eacute; : 30% &#8211; 95%HR &plusmn;5.0%<br \/>\nLuminosit&eacute; : 4000Lux\/40000Lux &plusmn;5.0%&nbsp;D&eacute;cibel sonore: 35 &#8211; 100dB &plusmn;4dB&nbsp;Test de diode : Oui&nbsp;Alimentation : pile 9V (6F22)&nbsp;Dimensions (L&times;L&times;T) : 83&times;162&times;47 mm&nbsp;Poids : 310g (avec pile)<\/p>\n<p>&nbsp;<\/p>\n","protected":false},"excerpt":{"rendered":"<p>S&eacute;rie de multim&egrave;tres num&eacute;riques&nbsp;&nbsp;&nbsp;&nbsp;&nbsp;[multim&egrave;tre num&eacute;rique &agrave; plage automatique 5 en 1] &nbsp;&nbsp;Application : &nbsp;le multim&egrave;tre pr&eacute;sente les avantages d&#039;&ecirc;tre polyvalent, &agrave; large plage et facile &agrave; utiliser, et est l&#039;outil le plus couramment utilis&eacute; dans la mesure &eacute;lectronique.&nbsp;Il peut &ecirc;tre utilis&eacute; pour mesurer la r&eacute;sistance, la tension alternative et continue et la tension continue, les<\/p>\n<div class=\"read-more\"><a class=\"btn btn-fill-out\" href=\"https:\/\/www.africa-company.net\/index.php\/produit\/introduction-a-la-fonction-du-multimetre-numerique-em5510\/\">En savoir plus<\/a><\/div>\n","protected":false},"featured_media":1586,"template":"","meta":{"_eb_attr":""},"product_cat":[165,160],"product_tag":[],"class_list":["post-1585","product","type-product","status-publish","has-post-thumbnail","hentry","product_cat-appareillage-de-mesure","product_cat-gestion-d-energie-et-mesure"],"_links":{"self":[{"href":"https:\/\/www.africa-company.net\/index.php\/wp-json\/wp\/v2\/product\/1585","targetHints":{"allow":["GET"]}}],"collection":[{"href":"https:\/\/www.africa-company.net\/index.php\/wp-json\/wp\/v2\/product"}],"about":[{"href":"https:\/\/www.africa-company.net\/index.php\/wp-json\/wp\/v2\/types\/product"}],"wp:featuredmedia":[{"embeddable":true,"href":"https:\/\/www.africa-company.net\/index.php\/wp-json\/wp\/v2\/media\/1586"}],"wp:attachment":[{"href":"https:\/\/www.africa-company.net\/index.php\/wp-json\/wp\/v2\/media?parent=1585"}],"wp:term":[{"taxonomy":"product_cat","embeddable":true,"href":"https:\/\/www.africa-company.net\/index.php\/wp-json\/wp\/v2\/product_cat?post=1585"},{"taxonomy":"product_tag","embeddable":true,"href":"https:\/\/www.africa-company.net\/index.php\/wp-json\/wp\/v2\/product_tag?post=1585"}],"curies":[{"name":"wp","href":"https:\/\/api.w.org\/{rel}","templated":true}]}}